{"id":3639,"date":"2023-10-25T18:25:34","date_gmt":"2023-10-25T16:25:34","guid":{"rendered":"https:\/\/nti-feuerwehrbekleidung.de\/impresszum\/"},"modified":"2025-01-13T10:31:34","modified_gmt":"2025-01-13T09:31:34","slug":"impresszum","status":"publish","type":"page","link":"https:\/\/nti-feuerwehrbekleidung.de\/hu\/impresszum\/","title":{"rendered":"Impresszum"},"content":{"rendered":"<h2>A TMG 5. \u00a7-a szerinti t\u00e1j\u00e9koztat\u00e1s<\/h2>\n<p>NOVOTEX-ISOMAT Schutzbekleidung GmbH<br \/>Unterm Ohmberg 7<br \/>34431 Marsberg<\/p>\n<p>Kereskedelmi nyilv\u00e1ntart\u00e1s: HRB 2159<br \/>Nyilv\u00e1ntart\u00f3 b\u00edr\u00f3s\u00e1g: Helyi b\u00edr\u00f3s\u00e1g Arnsberg<\/p>\n<p><strong>K\u00e9pviseli:<\/strong><br \/>Alfons Wensing, Dipl.-Kfm.<\/p>\n<h2>Kapcsolatfelv\u00e9tel<\/h2>\n<p>Telefon: <a href=\"tel:+49299260610\">02992 606-10<\/a><br \/>Fax: 02992 606-50<br \/>E-mail: <a href=\"mailto:info@novotex-isomat.de\">info@novotex-isomat.de<\/a><\/p>\n<h2>Forgalmiad\u00f3-azonos\u00edt\u00f3<\/h2>\n<p>Az \u00e1ltal\u00e1nos forgalmi ad\u00f3r\u00f3l sz\u00f3l\u00f3 t\u00f6rv\u00e9ny 27. \u00a7-a szerinti forgalmi ad\u00f3azonos\u00edt\u00f3 sz\u00e1m:<br \/>HU 117649173<\/p>\n<h2>Fogyaszt\u00f3i jogvit\u00e1k rendez\u00e9se\/egyetemes v\u00e1lasztottb\u00edr\u00f3s\u00e1gi k\u00f6zpont<\/h2>\n<p>Nem vagyunk hajland\u00f3ak vagy k\u00f6telesek r\u00e9szt venni a fogyaszt\u00f3i d\u00f6nt\u0151bizotts\u00e1g el\u0151tti vitarendez\u00e9si elj\u00e1r\u00e1sban.<\/p>\n<h3>Felel\u0151ss\u00e9g a tartalom\u00e9rt<\/h3>\n<p>Szolg\u00e1ltat\u00f3k\u00e9nt az \u00e1ltal\u00e1nos t\u00f6rv\u00e9nyeknek megfelel\u0151en felel\u0151sek vagyunk az ezeken az oldalakon tal\u00e1lhat\u00f3 saj\u00e1t tartalmunk\u00e9rt. Nem vagyunk azonban k\u00f6telesek figyelemmel k\u00eds\u00e9rni a harmadik f\u00e9l \u00e1ltal tov\u00e1bb\u00edtott vagy t\u00e1rolt inform\u00e1ci\u00f3kat, vagy kivizsg\u00e1lni az illeg\u00e1lis tev\u00e9kenys\u00e9gre utal\u00f3 k\u00f6r\u00fclm\u00e9nyeket.<\/p>\n<p>Ez nem \u00e9rinti az inform\u00e1ci\u00f3k elt\u00e1vol\u00edt\u00e1s\u00e1ra vagy felhaszn\u00e1l\u00e1s\u00e1nak megakad\u00e1lyoz\u00e1s\u00e1ra vonatkoz\u00f3, az \u00e1ltal\u00e1nos t\u00f6rv\u00e9nyeknek megfelel\u0151 k\u00f6telezetts\u00e9geket. E tekintetben azonban a felel\u0151ss\u00e9gre von\u00e1s csak a konkr\u00e9t jogs\u00e9rt\u00e9sr\u0151l val\u00f3 tudom\u00e1sszerz\u00e9st\u0151l kezdve lehets\u00e9ges. Amint tudom\u00e1st szerz\u00fcnk az ilyen jogs\u00e9rt\u00e9sekr\u0151l, azonnal elt\u00e1vol\u00edtjuk a tartalmat.<\/p>\n<h3>Felel\u0151ss\u00e9g a linkek\u00e9rt<\/h3>\n<p>Weboldalunk k\u00fcls\u0151, harmadik felek weboldalaira mutat\u00f3 linkeket tartalmaz, amelyek tartalm\u00e1ra nincs befoly\u00e1sunk, ez\u00e9rt nem tudunk felel\u0151ss\u00e9get v\u00e1llalni a harmadik f\u00e9lt\u0151l sz\u00e1rmaz\u00f3 tartalmak\u00e9rt. A hivatkozott oldalak tartalm\u00e1\u00e9rt mindig a mindenkori szolg\u00e1ltat\u00f3 vagy az oldalak \u00fczemeltet\u0151je a felel\u0151s. A linkelt oldalakat a linkel\u00e9s id\u0151pontj\u00e1ban ellen\u0151rizt\u00fck az esetleges jogi jogs\u00e9rt\u00e9sek szempontj\u00e1b\u00f3l. Az illeg\u00e1lis tartalmak nem voltak felismerhet\u0151k a linkel\u00e9skor.<\/p>\n<p>A hivatkozott oldalak tartalm\u00e1nak \u00e1lland\u00f3 ellen\u0151rz\u00e9se azonban nem \u00e9sszer\u0171 a jogs\u00e9rt\u00e9s konkr\u00e9t bizony\u00edt\u00e9ka n\u00e9lk\u00fcl. Ha tudom\u00e1st szerz\u00fcnk b\u00e1rmilyen jogszab\u00e1lys\u00e9rt\u00e9sr\u0151l, azonnal elt\u00e1vol\u00edtjuk az ilyen linkeket.<\/p>\n<h3>Szerz\u0151i jog<\/h3>\n<p>Az oldal \u00fczemeltet\u0151i \u00e1ltal ezen oldalakon l\u00e9trehozott tartalmak \u00e9s m\u0171vek a n\u00e9met szerz\u0151i jog hat\u00e1lya al\u00e1 tartoznak. A sokszoros\u00edt\u00e1shoz, szerkeszt\u00e9shez, terjeszt\u00e9shez \u00e9s a szerz\u0151i jogi korl\u00e1tokon k\u00edv\u00fcli b\u00e1rmilyen felhaszn\u00e1l\u00e1shoz az adott szerz\u0151 vagy alkot\u00f3 \u00edr\u00e1sos hozz\u00e1j\u00e1rul\u00e1sa sz\u00fcks\u00e9ges. Az oldal let\u00f6lt\u00e9se \u00e9s m\u00e1sol\u00e1sa kiz\u00e1r\u00f3lag mag\u00e1njelleg\u0171, nem kereskedelmi c\u00e9l\u00fa felhaszn\u00e1l\u00e1sra enged\u00e9lyezett.<\/p>\n<p>Amennyiben az ezen az oldalon tal\u00e1lhat\u00f3 tartalmakat nem az \u00fczemeltet\u0151 k\u00e9sz\u00edtette, a harmadik felek szerz\u0151i jogait tiszteletben tartjuk. K\u00fcl\u00f6n\u00f6sen a harmadik f\u00e9lt\u0151l sz\u00e1rmaz\u00f3 tartalmakat jel\u00f6lik meg. Amennyiben m\u00e9gis tudom\u00e1s\u00e1ra jutna, hogy szerz\u0151i jogokat s\u00e9rtett, k\u00e9rj\u00fck, t\u00e1j\u00e9koztasson minket err\u0151l. Ha tudom\u00e1st szerz\u00fcnk b\u00e1rmilyen jogszab\u00e1lys\u00e9rt\u00e9sr\u0151l, azonnal elt\u00e1vol\u00edtjuk az ilyen tartalmakat.<\/p>\n","protected":false},"excerpt":{"rendered":"<p>A TMG 5. \u00a7-a szerinti t\u00e1j\u00e9koztat\u00e1s NOVOTEX-ISOMAT Schutzbekleidung GmbHUnterm Ohmberg 734431 Marsberg Kereskedelmi nyilv\u00e1ntart\u00e1s: HRB 2159Nyilv\u00e1ntart\u00f3 b\u00edr\u00f3s\u00e1g: Helyi b\u00edr\u00f3s\u00e1g Arnsberg K\u00e9pviseli:Alfons Wensing, Dipl.-Kfm. Kapcsolatfelv\u00e9tel Telefon: 02992 606-10Fax: 02992 606-50E-mail: info@novotex-isomat.de Forgalmiad\u00f3-azonos\u00edt\u00f3 Az \u00e1ltal\u00e1nos forgalmi ad\u00f3r\u00f3l sz\u00f3l\u00f3 t\u00f6rv\u00e9ny 27. \u00a7-a szerinti forgalmi ad\u00f3azonos\u00edt\u00f3 sz\u00e1m:HU 117649173 Fogyaszt\u00f3i jogvit\u00e1k rendez\u00e9se\/egyetemes v\u00e1lasztottb\u00edr\u00f3s\u00e1gi k\u00f6zpont Nem vagyunk hajland\u00f3ak vagy k\u00f6telesek r\u00e9szt [&hellip;]<\/p>\n","protected":false},"author":1,"featured_media":3640,"parent":0,"menu_order":0,"comment_status":"closed","ping_status":"closed","template":"","meta":{"_jet_sm_ready_style":"","_jet_sm_style":"","_jet_sm_controls_values":"","_jet_sm_fonts_collection":"","_jet_sm_fonts_links":"","footnotes":"","_wp_rev_ctl_limit":""},"class_list":["post-3639","page","type-page","status-publish","has-post-thumbnail","hentry"],"yoast_head":"<!-- This site is optimized with the Yoast SEO plugin v27.4 - https:\/\/yoast.com\/product\/yoast-seo-wordpress\/ -->\n<title>Impresszum - NTI-Feuerwehrbekleidung<\/title>\n<meta name=\"robots\" content=\"noindex, follow\" \/>\n<meta property=\"og:locale\" content=\"hu_HU\" \/>\n<meta property=\"og:type\" content=\"article\" \/>\n<meta property=\"og:title\" content=\"Impresszum - NTI-Feuerwehrbekleidung\" \/>\n<meta property=\"og:description\" content=\"A TMG 5. \u00a7-a szerinti t\u00e1j\u00e9koztat\u00e1s NOVOTEX-ISOMAT Schutzbekleidung GmbHUnterm Ohmberg 734431 Marsberg Kereskedelmi nyilv\u00e1ntart\u00e1s: HRB 2159Nyilv\u00e1ntart\u00f3 b\u00edr\u00f3s\u00e1g: Helyi b\u00edr\u00f3s\u00e1g Arnsberg K\u00e9pviseli:Alfons Wensing, Dipl.-Kfm. Kapcsolatfelv\u00e9tel Telefon: 02992 606-10Fax: 02992 606-50E-mail: info@novotex-isomat.de Forgalmiad\u00f3-azonos\u00edt\u00f3 Az \u00e1ltal\u00e1nos forgalmi ad\u00f3r\u00f3l sz\u00f3l\u00f3 t\u00f6rv\u00e9ny 27. \u00a7-a szerinti forgalmi ad\u00f3azonos\u00edt\u00f3 sz\u00e1m:HU 117649173 Fogyaszt\u00f3i jogvit\u00e1k rendez\u00e9se\/egyetemes v\u00e1lasztottb\u00edr\u00f3s\u00e1gi k\u00f6zpont Nem vagyunk hajland\u00f3ak vagy k\u00f6telesek r\u00e9szt [&hellip;]\" \/>\n<meta property=\"og:url\" content=\"https:\/\/nti-feuerwehrbekleidung.de\/hu\/impresszum\/\" \/>\n<meta property=\"og:site_name\" content=\"NTI-Feuerwehrbekleidung\" \/>\n<meta property=\"article:modified_time\" content=\"2025-01-13T09:31:34+00:00\" \/>\n<meta property=\"og:image\" content=\"https:\/\/nti-feuerwehrbekleidung.de\/wp-content\/uploads\/2024\/06\/NTI_Logo_RAL5004.png\" \/>\n\t<meta property=\"og:image:width\" content=\"363\" \/>\n\t<meta property=\"og:image:height\" content=\"459\" \/>\n\t<meta property=\"og:image:type\" content=\"image\/png\" \/>\n<meta name=\"twitter:card\" content=\"summary_large_image\" \/>\n<meta name=\"twitter:label1\" content=\"Becs\u00fclt olvas\u00e1si id\u0151\" \/>\n\t<meta name=\"twitter:data1\" content=\"2 perc\" \/>\n<script type=\"application\/ld+json\" class=\"yoast-schema-graph\">{\"@context\":\"https:\\\/\\\/schema.org\",\"@graph\":[{\"@type\":\"WebPage\",\"@id\":\"https:\\\/\\\/nti-feuerwehrbekleidung.de\\\/hu\\\/impresszum\\\/\",\"url\":\"https:\\\/\\\/nti-feuerwehrbekleidung.de\\\/hu\\\/impresszum\\\/\",\"name\":\"Impresszum - NTI-Feuerwehrbekleidung\",\"isPartOf\":{\"@id\":\"https:\\\/\\\/nti-feuerwehrbekleidung.de\\\/hu\\\/#website\"},\"primaryImageOfPage\":{\"@id\":\"https:\\\/\\\/nti-feuerwehrbekleidung.de\\\/hu\\\/impresszum\\\/#primaryimage\"},\"image\":{\"@id\":\"https:\\\/\\\/nti-feuerwehrbekleidung.de\\\/hu\\\/impresszum\\\/#primaryimage\"},\"thumbnailUrl\":\"https:\\\/\\\/nti-feuerwehrbekleidung.de\\\/wp-content\\\/uploads\\\/2024\\\/06\\\/NTI_Logo_RAL5004.png\",\"datePublished\":\"2023-10-25T16:25:34+00:00\",\"dateModified\":\"2025-01-13T09:31:34+00:00\",\"breadcrumb\":{\"@id\":\"https:\\\/\\\/nti-feuerwehrbekleidung.de\\\/hu\\\/impresszum\\\/#breadcrumb\"},\"inLanguage\":\"hu\",\"potentialAction\":[{\"@type\":\"ReadAction\",\"target\":[\"https:\\\/\\\/nti-feuerwehrbekleidung.de\\\/hu\\\/impresszum\\\/\"]}]},{\"@type\":\"ImageObject\",\"inLanguage\":\"hu\",\"@id\":\"https:\\\/\\\/nti-feuerwehrbekleidung.de\\\/hu\\\/impresszum\\\/#primaryimage\",\"url\":\"https:\\\/\\\/nti-feuerwehrbekleidung.de\\\/wp-content\\\/uploads\\\/2024\\\/06\\\/NTI_Logo_RAL5004.png\",\"contentUrl\":\"https:\\\/\\\/nti-feuerwehrbekleidung.de\\\/wp-content\\\/uploads\\\/2024\\\/06\\\/NTI_Logo_RAL5004.png\",\"width\":363,\"height\":459},{\"@type\":\"BreadcrumbList\",\"@id\":\"https:\\\/\\\/nti-feuerwehrbekleidung.de\\\/hu\\\/impresszum\\\/#breadcrumb\",\"itemListElement\":[{\"@type\":\"ListItem\",\"position\":1,\"name\":\"Startseite\",\"item\":\"https:\\\/\\\/nti-feuerwehrbekleidung.de\\\/hu\\\/kezdolap\\\/\"},{\"@type\":\"ListItem\",\"position\":2,\"name\":\"Impresszum\"}]},{\"@type\":\"WebSite\",\"@id\":\"https:\\\/\\\/nti-feuerwehrbekleidung.de\\\/hu\\\/#website\",\"url\":\"https:\\\/\\\/nti-feuerwehrbekleidung.de\\\/hu\\\/\",\"name\":\"NTI-Feuerwehrbekleidung\",\"description\":\"Die premium Feuerwehrbekleidung\",\"publisher\":{\"@id\":\"https:\\\/\\\/nti-feuerwehrbekleidung.de\\\/hu\\\/#organization\"},\"potentialAction\":[{\"@type\":\"SearchAction\",\"target\":{\"@type\":\"EntryPoint\",\"urlTemplate\":\"https:\\\/\\\/nti-feuerwehrbekleidung.de\\\/hu\\\/?s={search_term_string}\"},\"query-input\":{\"@type\":\"PropertyValueSpecification\",\"valueRequired\":true,\"valueName\":\"search_term_string\"}}],\"inLanguage\":\"hu\"},{\"@type\":\"Organization\",\"@id\":\"https:\\\/\\\/nti-feuerwehrbekleidung.de\\\/hu\\\/#organization\",\"name\":\"NTI-Feuerwehrbekleidung\",\"url\":\"https:\\\/\\\/nti-feuerwehrbekleidung.de\\\/hu\\\/\",\"logo\":{\"@type\":\"ImageObject\",\"inLanguage\":\"hu\",\"@id\":\"https:\\\/\\\/nti-feuerwehrbekleidung.de\\\/hu\\\/#\\\/schema\\\/logo\\\/image\\\/\",\"url\":\"https:\\\/\\\/nti-feuerwehrbekleidung.de\\\/wp-content\\\/uploads\\\/2023\\\/07\\\/Logo_Novotex-Isomat.png\",\"contentUrl\":\"https:\\\/\\\/nti-feuerwehrbekleidung.de\\\/wp-content\\\/uploads\\\/2023\\\/07\\\/Logo_Novotex-Isomat.png\",\"width\":885,\"height\":885,\"caption\":\"NTI-Feuerwehrbekleidung\"},\"image\":{\"@id\":\"https:\\\/\\\/nti-feuerwehrbekleidung.de\\\/hu\\\/#\\\/schema\\\/logo\\\/image\\\/\"}}]}<\/script>\n<!-- \/ Yoast SEO plugin. -->","yoast_head_json":{"title":"Impresszum - NTI-Feuerwehrbekleidung","robots":{"index":"noindex","follow":"follow"},"og_locale":"hu_HU","og_type":"article","og_title":"Impresszum - NTI-Feuerwehrbekleidung","og_description":"A TMG 5. \u00a7-a szerinti t\u00e1j\u00e9koztat\u00e1s NOVOTEX-ISOMAT Schutzbekleidung GmbHUnterm Ohmberg 734431 Marsberg Kereskedelmi nyilv\u00e1ntart\u00e1s: HRB 2159Nyilv\u00e1ntart\u00f3 b\u00edr\u00f3s\u00e1g: Helyi b\u00edr\u00f3s\u00e1g Arnsberg K\u00e9pviseli:Alfons Wensing, Dipl.-Kfm. Kapcsolatfelv\u00e9tel Telefon: 02992 606-10Fax: 02992 606-50E-mail: info@novotex-isomat.de Forgalmiad\u00f3-azonos\u00edt\u00f3 Az \u00e1ltal\u00e1nos forgalmi ad\u00f3r\u00f3l sz\u00f3l\u00f3 t\u00f6rv\u00e9ny 27. \u00a7-a szerinti forgalmi ad\u00f3azonos\u00edt\u00f3 sz\u00e1m:HU 117649173 Fogyaszt\u00f3i jogvit\u00e1k rendez\u00e9se\/egyetemes v\u00e1lasztottb\u00edr\u00f3s\u00e1gi k\u00f6zpont Nem vagyunk hajland\u00f3ak vagy k\u00f6telesek r\u00e9szt [&hellip;]","og_url":"https:\/\/nti-feuerwehrbekleidung.de\/hu\/impresszum\/","og_site_name":"NTI-Feuerwehrbekleidung","article_modified_time":"2025-01-13T09:31:34+00:00","og_image":[{"width":363,"height":459,"url":"https:\/\/nti-feuerwehrbekleidung.de\/wp-content\/uploads\/2024\/06\/NTI_Logo_RAL5004.png","type":"image\/png"}],"twitter_card":"summary_large_image","twitter_misc":{"Becs\u00fclt olvas\u00e1si id\u0151":"2 perc"},"schema":{"@context":"https:\/\/schema.org","@graph":[{"@type":"WebPage","@id":"https:\/\/nti-feuerwehrbekleidung.de\/hu\/impresszum\/","url":"https:\/\/nti-feuerwehrbekleidung.de\/hu\/impresszum\/","name":"Impresszum - NTI-Feuerwehrbekleidung","isPartOf":{"@id":"https:\/\/nti-feuerwehrbekleidung.de\/hu\/#website"},"primaryImageOfPage":{"@id":"https:\/\/nti-feuerwehrbekleidung.de\/hu\/impresszum\/#primaryimage"},"image":{"@id":"https:\/\/nti-feuerwehrbekleidung.de\/hu\/impresszum\/#primaryimage"},"thumbnailUrl":"https:\/\/nti-feuerwehrbekleidung.de\/wp-content\/uploads\/2024\/06\/NTI_Logo_RAL5004.png","datePublished":"2023-10-25T16:25:34+00:00","dateModified":"2025-01-13T09:31:34+00:00","breadcrumb":{"@id":"https:\/\/nti-feuerwehrbekleidung.de\/hu\/impresszum\/#breadcrumb"},"inLanguage":"hu","potentialAction":[{"@type":"ReadAction","target":["https:\/\/nti-feuerwehrbekleidung.de\/hu\/impresszum\/"]}]},{"@type":"ImageObject","inLanguage":"hu","@id":"https:\/\/nti-feuerwehrbekleidung.de\/hu\/impresszum\/#primaryimage","url":"https:\/\/nti-feuerwehrbekleidung.de\/wp-content\/uploads\/2024\/06\/NTI_Logo_RAL5004.png","contentUrl":"https:\/\/nti-feuerwehrbekleidung.de\/wp-content\/uploads\/2024\/06\/NTI_Logo_RAL5004.png","width":363,"height":459},{"@type":"BreadcrumbList","@id":"https:\/\/nti-feuerwehrbekleidung.de\/hu\/impresszum\/#breadcrumb","itemListElement":[{"@type":"ListItem","position":1,"name":"Startseite","item":"https:\/\/nti-feuerwehrbekleidung.de\/hu\/kezdolap\/"},{"@type":"ListItem","position":2,"name":"Impresszum"}]},{"@type":"WebSite","@id":"https:\/\/nti-feuerwehrbekleidung.de\/hu\/#website","url":"https:\/\/nti-feuerwehrbekleidung.de\/hu\/","name":"NTI-Feuerwehrbekleidung","description":"Die premium Feuerwehrbekleidung","publisher":{"@id":"https:\/\/nti-feuerwehrbekleidung.de\/hu\/#organization"},"potentialAction":[{"@type":"SearchAction","target":{"@type":"EntryPoint","urlTemplate":"https:\/\/nti-feuerwehrbekleidung.de\/hu\/?s={search_term_string}"},"query-input":{"@type":"PropertyValueSpecification","valueRequired":true,"valueName":"search_term_string"}}],"inLanguage":"hu"},{"@type":"Organization","@id":"https:\/\/nti-feuerwehrbekleidung.de\/hu\/#organization","name":"NTI-Feuerwehrbekleidung","url":"https:\/\/nti-feuerwehrbekleidung.de\/hu\/","logo":{"@type":"ImageObject","inLanguage":"hu","@id":"https:\/\/nti-feuerwehrbekleidung.de\/hu\/#\/schema\/logo\/image\/","url":"https:\/\/nti-feuerwehrbekleidung.de\/wp-content\/uploads\/2023\/07\/Logo_Novotex-Isomat.png","contentUrl":"https:\/\/nti-feuerwehrbekleidung.de\/wp-content\/uploads\/2023\/07\/Logo_Novotex-Isomat.png","width":885,"height":885,"caption":"NTI-Feuerwehrbekleidung"},"image":{"@id":"https:\/\/nti-feuerwehrbekleidung.de\/hu\/#\/schema\/logo\/image\/"}}]}},"_links":{"self":[{"href":"https:\/\/nti-feuerwehrbekleidung.de\/hu\/wp-json\/wp\/v2\/pages\/3639","targetHints":{"allow":["GET"]}}],"collection":[{"href":"https:\/\/nti-feuerwehrbekleidung.de\/hu\/wp-json\/wp\/v2\/pages"}],"about":[{"href":"https:\/\/nti-feuerwehrbekleidung.de\/hu\/wp-json\/wp\/v2\/types\/page"}],"author":[{"embeddable":true,"href":"https:\/\/nti-feuerwehrbekleidung.de\/hu\/wp-json\/wp\/v2\/users\/1"}],"replies":[{"embeddable":true,"href":"https:\/\/nti-feuerwehrbekleidung.de\/hu\/wp-json\/wp\/v2\/comments?post=3639"}],"version-history":[{"count":0,"href":"https:\/\/nti-feuerwehrbekleidung.de\/hu\/wp-json\/wp\/v2\/pages\/3639\/revisions"}],"wp:featuredmedia":[{"embeddable":true,"href":"https:\/\/nti-feuerwehrbekleidung.de\/hu\/wp-json\/wp\/v2\/media\/3640"}],"wp:attachment":[{"href":"https:\/\/nti-feuerwehrbekleidung.de\/hu\/wp-json\/wp\/v2\/media?parent=3639"}],"curies":[{"name":"wp","href":"https:\/\/api.w.org\/{rel}","templated":true}]}}