{"id":3649,"date":"2023-10-26T15:17:41","date_gmt":"2023-10-26T13:17:41","guid":{"rendered":"https:\/\/nti-feuerwehrbekleidung.de\/kapcsolatfelvetel\/"},"modified":"2026-04-26T20:15:23","modified_gmt":"2026-04-26T18:15:23","slug":"kapcsolatfelvetel","status":"publish","type":"page","link":"https:\/\/nti-feuerwehrbekleidung.de\/hu\/kapcsolatfelvetel\/","title":{"rendered":"Kapcsolatfelv\u00e9tel"},"content":{"rendered":"\t\t<div data-elementor-type=\"wp-page\" data-elementor-id=\"3649\" class=\"elementor elementor-3649 elementor-881\" data-elementor-post-type=\"page\">\n\t\t\t\t\t\t<section class=\"elementor-section elementor-top-section elementor-element elementor-element-4c651c1 elementor-section-full_width elementor-section-height-min-height elementor-section-items-bottom elementor-section-height-default\" data-id=\"4c651c1\" data-element_type=\"section\" data-e-type=\"section\" data-settings=\"{&quot;jet_parallax_layout_list&quot;:[],&quot;background_background&quot;:&quot;classic&quot;}\">\n\t\t\t\t\t\t\t<div class=\"elementor-background-overlay\"><\/div>\n\t\t\t\t\t\t\t<div class=\"elementor-container elementor-column-gap-no\">\n\t\t\t\t\t<div class=\"elementor-column elementor-col-100 elementor-top-column elementor-element elementor-element-e30a84d\" data-id=\"e30a84d\" data-element_type=\"column\" data-e-type=\"column\">\n\t\t\t<div class=\"elementor-widget-wrap elementor-element-populated\">\n\t\t\t\t\t\t<div class=\"elementor-element elementor-element-24189b1 elementor-widget__width-initial elementor-widget elementor-widget-heading\" data-id=\"24189b1\" data-element_type=\"widget\" data-e-type=\"widget\" data-widget_type=\"heading.default\">\n\t\t\t\t<div class=\"elementor-widget-container\">\n\t\t\t\t\t<h1 class=\"elementor-heading-title elementor-size-default\">Kapcsolatfelv\u00e9tel<\/h1>\t\t\t\t<\/div>\n\t\t\t\t<\/div>\n\t\t\t\t<div class=\"elementor-element elementor-element-a28940f elementor-mobile-align-justify elementor-widget elementor-widget-button\" data-id=\"a28940f\" data-element_type=\"widget\" data-e-type=\"widget\" data-widget_type=\"button.default\">\n\t\t\t\t<div class=\"elementor-widget-container\">\n\t\t\t\t\t\t\t\t\t<div class=\"elementor-button-wrapper\">\n\t\t\t\t\t<a class=\"elementor-button elementor-button-link elementor-size-sm\" href=\"#kontaktformular\">\n\t\t\t\t\t\t<span class=\"elementor-button-content-wrapper\">\n\t\t\t\t\t\t\t\t\t<span class=\"elementor-button-text\">L\u00e9pjen kapcsolatba vel\u00fcnk<\/span>\n\t\t\t\t\t<\/span>\n\t\t\t\t\t<\/a>\n\t\t\t\t<\/div>\n\t\t\t\t\t\t\t\t<\/div>\n\t\t\t\t<\/div>\n\t\t\t\t\t<\/div>\n\t\t<\/div>\n\t\t\t\t\t<\/div>\n\t\t<\/section>\n\t\t\t\t<section class=\"elementor-section elementor-top-section elementor-element elementor-element-1faf16f elementor-section-full_width elementor-section-height-default elementor-section-height-default\" data-id=\"1faf16f\" data-element_type=\"section\" data-e-type=\"section\" id=\"kontaktformular\" data-settings=\"{&quot;jet_parallax_layout_list&quot;:[]}\">\n\t\t\t\t\t\t<div class=\"elementor-container elementor-column-gap-default\">\n\t\t\t\t\t<div class=\"elementor-column elementor-col-50 elementor-top-column elementor-element elementor-element-cb92a42\" data-id=\"cb92a42\" data-element_type=\"column\" data-e-type=\"column\">\n\t\t\t<div class=\"elementor-widget-wrap elementor-element-populated\">\n\t\t\t\t\t\t<div class=\"elementor-element elementor-element-bef80db elementor-widget elementor-widget-heading\" data-id=\"bef80db\" data-element_type=\"widget\" data-e-type=\"widget\" data-widget_type=\"heading.default\">\n\t\t\t\t<div class=\"elementor-widget-container\">\n\t\t\t\t\t<h2 class=\"elementor-heading-title elementor-size-default\">\u00cdrjon nek\u00fcnk \u00fczenetet:<\/h2>\t\t\t\t<\/div>\n\t\t\t\t<\/div>\n\t\t\t\t<div class=\"elementor-element elementor-element-26d8526 elementor-button-align-end elementor-mobile-button-align-stretch elementor-widget elementor-widget-form\" data-id=\"26d8526\" data-element_type=\"widget\" data-e-type=\"widget\" data-settings=\"{&quot;step_next_label&quot;:&quot;K\\u00f6vetkez\\u0151&quot;,&quot;step_previous_label&quot;:&quot;El\\u0151z\\u0151&quot;,&quot;button_width&quot;:&quot;100&quot;,&quot;step_type&quot;:&quot;number_text&quot;,&quot;step_icon_shape&quot;:&quot;circle&quot;}\" data-widget_type=\"form.default\">\n\t\t\t\t<div class=\"elementor-widget-container\">\n\t\t\t\t\t\t\t<form class=\"elementor-form\" method=\"post\" id=\"Anfrage\" name=\"\u00c9rdekl\u0151d\u00e9si \u0171rlap\" aria-label=\"\u00c9rdekl\u0151d\u00e9si \u0171rlap\">\n\t\t\t<input type=\"hidden\" name=\"post_id\" value=\"3649\"\/>\n\t\t\t<input type=\"hidden\" name=\"form_id\" value=\"26d8526\"\/>\n\t\t\t<input type=\"hidden\" name=\"referer_title\" value=\"Az \u00d6n kapcsolattart\u00f3ja az NTI-vel\" \/>\n\n\t\t\t\t\t\t\t<input type=\"hidden\" name=\"queried_id\" value=\"3649\"\/>\n\t\t\t\n\t\t\t<div class=\"elementor-form-fields-wrapper elementor-labels-\">\n\t\t\t\t\t\t\t\t<div class=\"elementor-field-type-text elementor-field-group elementor-column elementor-field-group-firma elementor-col-100\">\n\t\t\t\t\t\t\t\t\t\t\t\t<label for=\"form-field-firma\" class=\"elementor-field-label elementor-screen-only\">\n\t\t\t\t\t\t\t\tT\u00e1rsulat\/t\u0171zolt\u00f3brig\u00e1d\t\t\t\t\t\t\t<\/label>\n\t\t\t\t\t\t\t\t\t\t\t\t\t\t<input size=\"1\" type=\"text\" name=\"form_fields[firma]\" id=\"form-field-firma\" class=\"elementor-field elementor-size-sm  elementor-field-textual\" placeholder=\"T\u00e1rsulat\/t\u0171zolt\u00f3brig\u00e1d\">\n\t\t\t\t\t\t\t\t\t\t\t<\/div>\n\t\t\t\t\t\t\t\t<div class=\"elementor-field-type-text elementor-field-group elementor-column elementor-field-group-name elementor-col-100 elementor-field-required\">\n\t\t\t\t\t\t\t\t\t\t\t\t<label for=\"form-field-name\" class=\"elementor-field-label elementor-screen-only\">\n\t\t\t\t\t\t\t\tN\u00e9v\t\t\t\t\t\t\t<\/label>\n\t\t\t\t\t\t\t\t\t\t\t\t\t\t<input size=\"1\" type=\"text\" name=\"form_fields[name]\" id=\"form-field-name\" class=\"elementor-field elementor-size-sm  elementor-field-textual\" placeholder=\"N\u00e9v *\" required=\"required\">\n\t\t\t\t\t\t\t\t\t\t\t<\/div>\n\t\t\t\t\t\t\t\t<div class=\"elementor-field-type-email elementor-field-group elementor-column elementor-field-group-email elementor-col-100 elementor-field-required\">\n\t\t\t\t\t\t\t\t\t\t\t\t<label for=\"form-field-email\" class=\"elementor-field-label elementor-screen-only\">\n\t\t\t\t\t\t\t\te-mail\t\t\t\t\t\t\t<\/label>\n\t\t\t\t\t\t\t\t\t\t\t\t\t\t<input size=\"1\" type=\"email\" name=\"form_fields[email]\" id=\"form-field-email\" class=\"elementor-field elementor-size-sm  elementor-field-textual\" placeholder=\"E-mail *\" required=\"required\">\n\t\t\t\t\t\t\t\t\t\t\t<\/div>\n\t\t\t\t\t\t\t\t<div class=\"elementor-field-type-text elementor-field-group elementor-column elementor-field-group-field_90c289f elementor-col-100\">\n\t\t\t\t\t\t\t\t\t\t\t\t<label for=\"form-field-field_90c289f\" class=\"elementor-field-label elementor-screen-only\">\n\t\t\t\t\t\t\t\tPOSTAC\u00cdM\t\t\t\t\t\t\t<\/label>\n\t\t\t\t\t\t\t\t\t\t\t\t\t\t<input size=\"1\" type=\"text\" name=\"form_fields[field_90c289f]\" id=\"form-field-field_90c289f\" class=\"elementor-field elementor-size-sm  elementor-field-textual\" placeholder=\"POSTAC\u00cdM\">\n\t\t\t\t\t\t\t\t\t\t\t<\/div>\n\t\t\t\t\t\t\t\t<div class=\"elementor-field-type-text elementor-field-group elementor-column elementor-field-group-field_cacd782 elementor-col-100\">\n\t\t\t\t\t\t\t\t\t\t\t\t<label for=\"form-field-field_cacd782\" class=\"elementor-field-label elementor-screen-only\">\n\t\t\t\t\t\t\t\tHelysz\u00edn\t\t\t\t\t\t\t<\/label>\n\t\t\t\t\t\t\t\t\t\t\t\t\t\t<input size=\"1\" type=\"text\" name=\"form_fields[field_cacd782]\" id=\"form-field-field_cacd782\" class=\"elementor-field elementor-size-sm  elementor-field-textual\" placeholder=\"Helysz\u00edn\">\n\t\t\t\t\t\t\t\t\t\t\t<\/div>\n\t\t\t\t\t\t\t\t<div class=\"elementor-field-type-text elementor-field-group elementor-column elementor-field-group-field_aeac7f1 elementor-col-100\">\n\t\t\t\t\t\t\t\t\t\t\t\t<label for=\"form-field-field_aeac7f1\" class=\"elementor-field-label elementor-screen-only\">\n\t\t\t\t\t\t\t\tHelysz\u00edn\t\t\t\t\t\t\t<\/label>\n\t\t\t\t\t\t\t\t\t\t\t\t\t\t<input size=\"1\" type=\"text\" name=\"form_fields[field_aeac7f1]\" id=\"form-field-field_aeac7f1\" class=\"elementor-field elementor-size-sm  elementor-field-textual\" placeholder=\"Orsz\u00e1g\">\n\t\t\t\t\t\t\t\t\t\t\t<\/div>\n\t\t\t\t\t\t\t\t<div class=\"elementor-field-type-textarea elementor-field-group elementor-column elementor-field-group-message elementor-col-100 elementor-field-required\">\n\t\t\t\t\t\t\t\t\t\t\t\t<label for=\"form-field-message\" class=\"elementor-field-label elementor-screen-only\">\n\t\t\t\t\t\t\t\tAz \u00d6n \u00fczenete\t\t\t\t\t\t\t<\/label>\n\t\t\t\t\t\t<textarea class=\"elementor-field-textual elementor-field  elementor-size-sm\" name=\"form_fields[message]\" id=\"form-field-message\" rows=\"4\" placeholder=\"Az \u00d6n \u00fczenete *\" required=\"required\"><\/textarea>\t\t\t\t<\/div>\n\t\t\t\t\t\t\t\t<div class=\"elementor-field-type-acceptance elementor-field-group elementor-column elementor-field-group-field_6ad018d elementor-col-100 elementor-field-required\">\n\t\t\t\t\t\t\t\t\t\t\t\t<label for=\"form-field-field_6ad018d\" class=\"elementor-field-label elementor-screen-only\">\n\t\t\t\t\t\t\t\tAdatv\u00e9delem\t\t\t\t\t\t\t<\/label>\n\t\t\t\t\t\t\t\t<div class=\"elementor-field-subgroup\">\n\t\t\t<span class=\"elementor-field-option\">\n\t\t\t\t<input type=\"checkbox\" name=\"form_fields[field_6ad018d]\" id=\"form-field-field_6ad018d\" class=\"elementor-field elementor-size-sm  elementor-acceptance-field\" required=\"required\">\n\t\t\t\t<label for=\"form-field-field_6ad018d\">Tudom\u00e1sul vettem az <a href=\"https:\/\/nti-feuerwehrbekleidung.de\/hu\/adatvedelmi-szabalyzat\/\">adatv\u00e9delmi szab\u00e1lyzatot<\/a>. Hozz\u00e1j\u00e1rulok, hogy adataimat a kapcsolatfelv\u00e9tel \u00e9s k\u00e9rd\u00e9sek c\u00e9lj\u00e1b\u00f3l tart\u00f3san t\u00e1rolj\u00e1k.<\/label>\t\t\t<\/span>\n\t\t<\/div>\n\t\t\t\t\t\t<\/div>\n\t\t\t\t\t\t\t\t<div class=\"elementor-field-type-recaptcha_v3 elementor-field-group elementor-column elementor-field-group-field_831c20c elementor-col-100 recaptcha_v3-inline\">\n\t\t\t\t\t<div class=\"elementor-field\" id=\"form-field-field_831c20c\"><div class=\"elementor-g-recaptcha\" data-sitekey=\"6Le5QdAoAAAAAJiF9nirAhGsOD-4DnTg8TS3ozgB\" data-type=\"v3\" data-action=\"Form\" data-badge=\"inline\" data-size=\"invisible\"><\/div><\/div>\t\t\t\t<\/div>\n\t\t\t\t\t\t\t\t<div class=\"elementor-field-type-html elementor-field-group elementor-column elementor-field-group-field_46906e9 elementor-col-100\">\n\t\t\t\t\t<br><br>[borlabs-cookie id=\"emrecaptcha\" type=\"content-blocker\"]A Google reCAPTCHA bet\u00f6lt\u0151d\u00f6tt.[\/borlabs-cookie]\t\t\t\t<\/div>\n\t\t\t\t\t\t\t\t<div class=\"elementor-field-group elementor-column elementor-field-type-submit elementor-col-100 e-form__buttons\">\n\t\t\t\t\t<button class=\"elementor-button elementor-size-sm\" type=\"submit\">\n\t\t\t\t\t\t<span class=\"elementor-button-content-wrapper\">\n\t\t\t\t\t\t\t\t\t\t\t\t\t\t\t\t\t\t\t\t\t\t<span class=\"elementor-button-text\">K\u00fcld\u00e9s<\/span>\n\t\t\t\t\t\t\t\t\t\t\t\t\t<\/span>\n\t\t\t\t\t<\/button>\n\t\t\t\t<\/div>\n\t\t\t<\/div>\n\t\t<\/form>\n\t\t\t\t\t\t<\/div>\n\t\t\t\t<\/div>\n\t\t\t\t\t<\/div>\n\t\t<\/div>\n\t\t\t\t<div class=\"elementor-column elementor-col-50 elementor-top-column elementor-element elementor-element-d4e4e19\" data-id=\"d4e4e19\" data-element_type=\"column\" data-e-type=\"column\">\n\t\t\t<div class=\"elementor-widget-wrap elementor-element-populated\">\n\t\t\t\t\t\t<div class=\"elementor-element elementor-element-af47805 elementor-widget elementor-widget-text-editor\" data-id=\"af47805\" data-element_type=\"widget\" data-e-type=\"widget\" data-widget_type=\"text-editor.default\">\n\t\t\t\t<div class=\"elementor-widget-container\">\n\t\t\t\t\t\t\t\t\t<p>NOVOTEX-ISOMAT<br>V\u00e9d\u0151ruh\u00e1zat GmbH<\/p><p>Unterm Ohmberg 7<br>34431 Marsberg<\/p><p>Tel.: <a href=\"tel:+49299260610\">02992 606-10<\/a><br>Fax: 02992 606-50<\/p><p><a href=\"mailto:info@novotex-isomat.de\">info@novotex-isomat.de<\/a><\/p>\t\t\t\t\t\t\t\t<\/div>\n\t\t\t\t<\/div>\n\t\t\t\t\t<\/div>\n\t\t<\/div>\n\t\t\t\t\t<\/div>\n\t\t<\/section>\n\t\t\t\t<\/div>\n\t\t","protected":false},"excerpt":{"rendered":"<p>Kapcsolatfelv\u00e9tel L\u00e9pjen kapcsolatba vel\u00fcnk \u00cdrjon nek\u00fcnk \u00fczenetet: NOVOTEX-ISOMATV\u00e9d\u0151ruh\u00e1zat GmbH Unterm Ohmberg 734431 Marsberg Tel.: 02992 606-10Fax: 02992 606-50 info@novotex-isomat.de<\/p>\n","protected":false},"author":1,"featured_media":3638,"parent":0,"menu_order":0,"comment_status":"closed","ping_status":"closed","template":"","meta":{"_jet_sm_ready_style":"","_jet_sm_style":"","_jet_sm_controls_values":"","_jet_sm_fonts_collection":"","_jet_sm_fonts_links":"","footnotes":"","_wp_rev_ctl_limit":""},"class_list":["post-3649","page","type-page","status-publish","has-post-thumbnail","hentry"],"yoast_head":"<!-- This site is optimized with the Yoast SEO plugin v27.4 - https:\/\/yoast.com\/product\/yoast-seo-wordpress\/ -->\n<title>Az \u00d6n kapcsolattart\u00f3ja az NTI-vel<\/title>\n<meta name=\"description\" content=\"Vegye fel a kapcsolatot a Novotex-Isomat c\u00e9ggel most: Mi vagyunk az \u00d6n partnere a fejlett \u00e9s sokoldal\u00fa t\u0171zolt\u00f3 ruh\u00e1zathoz!\" \/>\n<meta name=\"robots\" content=\"index, follow, max-snippet:-1, max-image-preview:large, max-video-preview:-1\" \/>\n<link rel=\"canonical\" href=\"https:\/\/nti-feuerwehrbekleidung.de\/hu\/kapcsolatfelvetel\/\" \/>\n<meta property=\"og:locale\" content=\"hu_HU\" \/>\n<meta property=\"og:type\" content=\"article\" \/>\n<meta property=\"og:title\" content=\"Az \u00d6n kapcsolattart\u00f3ja az NTI-vel\" \/>\n<meta property=\"og:description\" content=\"Vegye fel a kapcsolatot a Novotex-Isomat c\u00e9ggel most: Mi vagyunk az \u00d6n partnere a fejlett \u00e9s sokoldal\u00fa t\u0171zolt\u00f3 ruh\u00e1zathoz!\" \/>\n<meta property=\"og:url\" content=\"https:\/\/nti-feuerwehrbekleidung.de\/hu\/kapcsolatfelvetel\/\" \/>\n<meta property=\"og:site_name\" content=\"NTI-Feuerwehrbekleidung\" \/>\n<meta property=\"article:modified_time\" content=\"2026-04-26T18:15:23+00:00\" \/>\n<meta property=\"og:image\" content=\"https:\/\/nti-feuerwehrbekleidung.de\/wp-content\/uploads\/2023\/07\/Logo_Novotex-Isomat.png\" \/>\n\t<meta property=\"og:image:width\" content=\"885\" \/>\n\t<meta property=\"og:image:height\" content=\"885\" \/>\n\t<meta property=\"og:image:type\" content=\"image\/png\" \/>\n<meta name=\"twitter:card\" content=\"summary_large_image\" \/>\n<meta name=\"twitter:label1\" content=\"Becs\u00fclt olvas\u00e1si id\u0151\" \/>\n\t<meta name=\"twitter:data1\" content=\"1 perc\" \/>\n<script type=\"application\/ld+json\" class=\"yoast-schema-graph\">{\"@context\":\"https:\\\/\\\/schema.org\",\"@graph\":[{\"@type\":\"WebPage\",\"@id\":\"https:\\\/\\\/nti-feuerwehrbekleidung.de\\\/hu\\\/kapcsolatfelvetel\\\/\",\"url\":\"https:\\\/\\\/nti-feuerwehrbekleidung.de\\\/hu\\\/kapcsolatfelvetel\\\/\",\"name\":\"Az \u00d6n kapcsolattart\u00f3ja az NTI-vel\",\"isPartOf\":{\"@id\":\"https:\\\/\\\/nti-feuerwehrbekleidung.de\\\/hu\\\/#website\"},\"primaryImageOfPage\":{\"@id\":\"https:\\\/\\\/nti-feuerwehrbekleidung.de\\\/hu\\\/kapcsolatfelvetel\\\/#primaryimage\"},\"image\":{\"@id\":\"https:\\\/\\\/nti-feuerwehrbekleidung.de\\\/hu\\\/kapcsolatfelvetel\\\/#primaryimage\"},\"thumbnailUrl\":\"https:\\\/\\\/nti-feuerwehrbekleidung.de\\\/wp-content\\\/uploads\\\/2023\\\/07\\\/Logo_Novotex-Isomat.png\",\"datePublished\":\"2023-10-26T13:17:41+00:00\",\"dateModified\":\"2026-04-26T18:15:23+00:00\",\"description\":\"Vegye fel a kapcsolatot a Novotex-Isomat c\u00e9ggel most: Mi vagyunk az \u00d6n partnere a fejlett \u00e9s sokoldal\u00fa t\u0171zolt\u00f3 ruh\u00e1zathoz!\",\"breadcrumb\":{\"@id\":\"https:\\\/\\\/nti-feuerwehrbekleidung.de\\\/hu\\\/kapcsolatfelvetel\\\/#breadcrumb\"},\"inLanguage\":\"hu\",\"potentialAction\":[{\"@type\":\"ReadAction\",\"target\":[\"https:\\\/\\\/nti-feuerwehrbekleidung.de\\\/hu\\\/kapcsolatfelvetel\\\/\"]}]},{\"@type\":\"ImageObject\",\"inLanguage\":\"hu\",\"@id\":\"https:\\\/\\\/nti-feuerwehrbekleidung.de\\\/hu\\\/kapcsolatfelvetel\\\/#primaryimage\",\"url\":\"https:\\\/\\\/nti-feuerwehrbekleidung.de\\\/wp-content\\\/uploads\\\/2023\\\/07\\\/Logo_Novotex-Isomat.png\",\"contentUrl\":\"https:\\\/\\\/nti-feuerwehrbekleidung.de\\\/wp-content\\\/uploads\\\/2023\\\/07\\\/Logo_Novotex-Isomat.png\",\"width\":885,\"height\":885},{\"@type\":\"BreadcrumbList\",\"@id\":\"https:\\\/\\\/nti-feuerwehrbekleidung.de\\\/hu\\\/kapcsolatfelvetel\\\/#breadcrumb\",\"itemListElement\":[{\"@type\":\"ListItem\",\"position\":1,\"name\":\"Startseite\",\"item\":\"https:\\\/\\\/nti-feuerwehrbekleidung.de\\\/hu\\\/kezdolap\\\/\"},{\"@type\":\"ListItem\",\"position\":2,\"name\":\"Kapcsolatfelv\u00e9tel\"}]},{\"@type\":\"WebSite\",\"@id\":\"https:\\\/\\\/nti-feuerwehrbekleidung.de\\\/hu\\\/#website\",\"url\":\"https:\\\/\\\/nti-feuerwehrbekleidung.de\\\/hu\\\/\",\"name\":\"NTI-Feuerwehrbekleidung\",\"description\":\"Die premium Feuerwehrbekleidung\",\"publisher\":{\"@id\":\"https:\\\/\\\/nti-feuerwehrbekleidung.de\\\/hu\\\/#organization\"},\"potentialAction\":[{\"@type\":\"SearchAction\",\"target\":{\"@type\":\"EntryPoint\",\"urlTemplate\":\"https:\\\/\\\/nti-feuerwehrbekleidung.de\\\/hu\\\/?s={search_term_string}\"},\"query-input\":{\"@type\":\"PropertyValueSpecification\",\"valueRequired\":true,\"valueName\":\"search_term_string\"}}],\"inLanguage\":\"hu\"},{\"@type\":\"Organization\",\"@id\":\"https:\\\/\\\/nti-feuerwehrbekleidung.de\\\/hu\\\/#organization\",\"name\":\"NTI-Feuerwehrbekleidung\",\"url\":\"https:\\\/\\\/nti-feuerwehrbekleidung.de\\\/hu\\\/\",\"logo\":{\"@type\":\"ImageObject\",\"inLanguage\":\"hu\",\"@id\":\"https:\\\/\\\/nti-feuerwehrbekleidung.de\\\/hu\\\/#\\\/schema\\\/logo\\\/image\\\/\",\"url\":\"https:\\\/\\\/nti-feuerwehrbekleidung.de\\\/wp-content\\\/uploads\\\/2023\\\/07\\\/Logo_Novotex-Isomat.png\",\"contentUrl\":\"https:\\\/\\\/nti-feuerwehrbekleidung.de\\\/wp-content\\\/uploads\\\/2023\\\/07\\\/Logo_Novotex-Isomat.png\",\"width\":885,\"height\":885,\"caption\":\"NTI-Feuerwehrbekleidung\"},\"image\":{\"@id\":\"https:\\\/\\\/nti-feuerwehrbekleidung.de\\\/hu\\\/#\\\/schema\\\/logo\\\/image\\\/\"}}]}<\/script>\n<!-- \/ Yoast SEO plugin. -->","yoast_head_json":{"title":"Az \u00d6n kapcsolattart\u00f3ja az NTI-vel","description":"Vegye fel a kapcsolatot a Novotex-Isomat c\u00e9ggel most: Mi vagyunk az \u00d6n partnere a fejlett \u00e9s sokoldal\u00fa t\u0171zolt\u00f3 ruh\u00e1zathoz!","robots":{"index":"index","follow":"follow","max-snippet":"max-snippet:-1","max-image-preview":"max-image-preview:large","max-video-preview":"max-video-preview:-1"},"canonical":"https:\/\/nti-feuerwehrbekleidung.de\/hu\/kapcsolatfelvetel\/","og_locale":"hu_HU","og_type":"article","og_title":"Az \u00d6n kapcsolattart\u00f3ja az NTI-vel","og_description":"Vegye fel a kapcsolatot a Novotex-Isomat c\u00e9ggel most: Mi vagyunk az \u00d6n partnere a fejlett \u00e9s sokoldal\u00fa t\u0171zolt\u00f3 ruh\u00e1zathoz!","og_url":"https:\/\/nti-feuerwehrbekleidung.de\/hu\/kapcsolatfelvetel\/","og_site_name":"NTI-Feuerwehrbekleidung","article_modified_time":"2026-04-26T18:15:23+00:00","og_image":[{"width":885,"height":885,"url":"https:\/\/nti-feuerwehrbekleidung.de\/wp-content\/uploads\/2023\/07\/Logo_Novotex-Isomat.png","type":"image\/png"}],"twitter_card":"summary_large_image","twitter_misc":{"Becs\u00fclt olvas\u00e1si id\u0151":"1 perc"},"schema":{"@context":"https:\/\/schema.org","@graph":[{"@type":"WebPage","@id":"https:\/\/nti-feuerwehrbekleidung.de\/hu\/kapcsolatfelvetel\/","url":"https:\/\/nti-feuerwehrbekleidung.de\/hu\/kapcsolatfelvetel\/","name":"Az \u00d6n kapcsolattart\u00f3ja az NTI-vel","isPartOf":{"@id":"https:\/\/nti-feuerwehrbekleidung.de\/hu\/#website"},"primaryImageOfPage":{"@id":"https:\/\/nti-feuerwehrbekleidung.de\/hu\/kapcsolatfelvetel\/#primaryimage"},"image":{"@id":"https:\/\/nti-feuerwehrbekleidung.de\/hu\/kapcsolatfelvetel\/#primaryimage"},"thumbnailUrl":"https:\/\/nti-feuerwehrbekleidung.de\/wp-content\/uploads\/2023\/07\/Logo_Novotex-Isomat.png","datePublished":"2023-10-26T13:17:41+00:00","dateModified":"2026-04-26T18:15:23+00:00","description":"Vegye fel a kapcsolatot a Novotex-Isomat c\u00e9ggel most: Mi vagyunk az \u00d6n partnere a fejlett \u00e9s sokoldal\u00fa t\u0171zolt\u00f3 ruh\u00e1zathoz!","breadcrumb":{"@id":"https:\/\/nti-feuerwehrbekleidung.de\/hu\/kapcsolatfelvetel\/#breadcrumb"},"inLanguage":"hu","potentialAction":[{"@type":"ReadAction","target":["https:\/\/nti-feuerwehrbekleidung.de\/hu\/kapcsolatfelvetel\/"]}]},{"@type":"ImageObject","inLanguage":"hu","@id":"https:\/\/nti-feuerwehrbekleidung.de\/hu\/kapcsolatfelvetel\/#primaryimage","url":"https:\/\/nti-feuerwehrbekleidung.de\/wp-content\/uploads\/2023\/07\/Logo_Novotex-Isomat.png","contentUrl":"https:\/\/nti-feuerwehrbekleidung.de\/wp-content\/uploads\/2023\/07\/Logo_Novotex-Isomat.png","width":885,"height":885},{"@type":"BreadcrumbList","@id":"https:\/\/nti-feuerwehrbekleidung.de\/hu\/kapcsolatfelvetel\/#breadcrumb","itemListElement":[{"@type":"ListItem","position":1,"name":"Startseite","item":"https:\/\/nti-feuerwehrbekleidung.de\/hu\/kezdolap\/"},{"@type":"ListItem","position":2,"name":"Kapcsolatfelv\u00e9tel"}]},{"@type":"WebSite","@id":"https:\/\/nti-feuerwehrbekleidung.de\/hu\/#website","url":"https:\/\/nti-feuerwehrbekleidung.de\/hu\/","name":"NTI-Feuerwehrbekleidung","description":"Die premium Feuerwehrbekleidung","publisher":{"@id":"https:\/\/nti-feuerwehrbekleidung.de\/hu\/#organization"},"potentialAction":[{"@type":"SearchAction","target":{"@type":"EntryPoint","urlTemplate":"https:\/\/nti-feuerwehrbekleidung.de\/hu\/?s={search_term_string}"},"query-input":{"@type":"PropertyValueSpecification","valueRequired":true,"valueName":"search_term_string"}}],"inLanguage":"hu"},{"@type":"Organization","@id":"https:\/\/nti-feuerwehrbekleidung.de\/hu\/#organization","name":"NTI-Feuerwehrbekleidung","url":"https:\/\/nti-feuerwehrbekleidung.de\/hu\/","logo":{"@type":"ImageObject","inLanguage":"hu","@id":"https:\/\/nti-feuerwehrbekleidung.de\/hu\/#\/schema\/logo\/image\/","url":"https:\/\/nti-feuerwehrbekleidung.de\/wp-content\/uploads\/2023\/07\/Logo_Novotex-Isomat.png","contentUrl":"https:\/\/nti-feuerwehrbekleidung.de\/wp-content\/uploads\/2023\/07\/Logo_Novotex-Isomat.png","width":885,"height":885,"caption":"NTI-Feuerwehrbekleidung"},"image":{"@id":"https:\/\/nti-feuerwehrbekleidung.de\/hu\/#\/schema\/logo\/image\/"}}]}},"_links":{"self":[{"href":"https:\/\/nti-feuerwehrbekleidung.de\/hu\/wp-json\/wp\/v2\/pages\/3649","targetHints":{"allow":["GET"]}}],"collection":[{"href":"https:\/\/nti-feuerwehrbekleidung.de\/hu\/wp-json\/wp\/v2\/pages"}],"about":[{"href":"https:\/\/nti-feuerwehrbekleidung.de\/hu\/wp-json\/wp\/v2\/types\/page"}],"author":[{"embeddable":true,"href":"https:\/\/nti-feuerwehrbekleidung.de\/hu\/wp-json\/wp\/v2\/users\/1"}],"replies":[{"embeddable":true,"href":"https:\/\/nti-feuerwehrbekleidung.de\/hu\/wp-json\/wp\/v2\/comments?post=3649"}],"version-history":[{"count":2,"href":"https:\/\/nti-feuerwehrbekleidung.de\/hu\/wp-json\/wp\/v2\/pages\/3649\/revisions"}],"predecessor-version":[{"id":4678,"href":"https:\/\/nti-feuerwehrbekleidung.de\/hu\/wp-json\/wp\/v2\/pages\/3649\/revisions\/4678"}],"wp:featuredmedia":[{"embeddable":true,"href":"https:\/\/nti-feuerwehrbekleidung.de\/hu\/wp-json\/wp\/v2\/media\/3638"}],"wp:attachment":[{"href":"https:\/\/nti-feuerwehrbekleidung.de\/hu\/wp-json\/wp\/v2\/media?parent=3649"}],"curies":[{"name":"wp","href":"https:\/\/api.w.org\/{rel}","templated":true}]}}